{"id":136,"date":"2022-12-22T10:19:21","date_gmt":"2022-12-22T09:19:21","guid":{"rendered":"https:\/\/forum-medias-mobiles.fr\/?page_id=136"},"modified":"2023-03-17T16:07:49","modified_gmt":"2023-03-17T15:07:49","slug":"136-2","status":"publish","type":"page","link":"https:\/\/forum-medias-mobiles.fr\/index.php\/136-2\/","title":{"rendered":"Nos objectifs"},"content":{"rendered":"\n<div style=\"height:10px\" aria-hidden=\"true\" class=\"wp-block-spacer\"><\/div>\n\n\n\n<p class=\"has-vivid-cyan-blue-color has-text-color has-medium-font-size\"><strong>Catalyseur d\u2019\u00e9nergies, le Forum M\u00e9dias Mobiles f\u00e9d\u00e8re les entreprises qui pr\u00e9parent les m\u00e9dias de demain, avec l\u2019ambition de donner \u00e0 la France un r\u00f4le de premier plan dans la soci\u00e9t\u00e9 de l\u2019information et dans les secteurs des m\u00e9dias et de la communication.<\/strong><\/p>\n\n\n\n<p><strong>L\u2019action du Forum s\u2019\u00e9tend \u00e0 toutes les \u00e9volutions de la mise \u00e0 disposition du public des m\u00e9dias audiovisuels<\/strong> :<\/p>\n\n\n\n<ul class=\"wp-block-list\">\n<li>Coordonner la r\u00e9flexion sur les conditions industrielles et r\u00e9glementaires d\u2019introduction de services de m\u00e9dias mobiles associant t\u00e9l\u00e9communications, \u00e9lectronique haut d\u00e9bit (r\u00e9seau de t\u00e9l\u00e9communication mobile) et t\u00e9l\u00e9vision num\u00e9rique terrestre et par satellite.<\/li>\n\n\n\n<li>Promouvoir les m\u00e9dias mobiles aupr\u00e8s des pouvoirs publics, en favorisant entre&nbsp; autres les conditions techniques et r\u00e9glementaires :\n<ul class=\"wp-block-list\">\n<li>Choix, sur les fr\u00e9quences, de la norme la plus adapt\u00e9e<\/li>\n\n\n\n<li>Identification du spectre n\u00e9cessaire, en prenant en compte l\u2019ensemble des ressources en fr\u00e9quences se trouvant encore aujourd\u2019hui disponibles<\/li>\n<\/ul>\n<\/li>\n\n\n\n<li>Identifier et d\u00e9fendre le spectre n\u00e9cessaire, en prenant en compte l\u2019ensemble des ressources en fr\u00e9quences se trouvant encore aujourd\u2019hui disponibles<\/li>\n\n\n\n<li>Favoriser et accompagner plusieurs exp\u00e9rimentations de longue dur\u00e9e et des d\u00e9monstrations de courte dur\u00e9e de m\u00e9dias mobiles dans plusieurs agglom\u00e9rations urbaines<\/li>\n\n\n\n<li>Coordonner au plan national la r\u00e9flexion sur la finalisation et l\u2019\u00e9volution des normes techniques aupr\u00e8s des instances de normalisations europ\u00e9ennes et mondiales. Favoriser \u00e9galement la coordination de cette Europe sur le choix des ressources en fr\u00e9quences \u00e0 affecter aux m\u00e9dias mobiles<\/li>\n\n\n\n<li>Promouvoir la recherche et le d\u00e9veloppement de nouveaux programmes et contenus, adapt\u00e9s aux usages des m\u00e9dias mobiles<\/li>\n\n\n\n<li>Contribuer \u00e0 la d\u00e9finition de normes privil\u00e9giant la protection des contenus diffus\u00e9s<\/li>\n\n\n\n<li>Analyser et promouvoir les r\u00e9sultats des exp\u00e9rimentations men\u00e9es en France et \u00e0 l\u2019\u00e9tranger (veille technologique, analyses aupr\u00e8s des march\u00e9s)<\/li>\n\n\n\n<li>Promouvoir les m\u00e9dias mobiles aupr\u00e8s du grand public en r\u00e9alisant au besoin, dans les salons ouverts au public, des d\u00e9monstrations simples \u00e0 but didactique<\/li>\n\n\n\n<li>Accomplir des actions collectives de sensibilisation des pouvoirs publics aux enjeux des m\u00e9dias mobiles et toutes actions permettant de d\u00e9velopper les m\u00e9dias mobiles<\/li>\n<\/ul>\n\n\n\n<div style=\"height:10px\" aria-hidden=\"true\" class=\"wp-block-spacer\"><\/div>\n\n\n\n<div class=\"wp-block-group is-layout-constrained wp-block-group-is-layout-constrained\">\n<p class=\"has-vivid-cyan-blue-color has-text-color has-medium-font-size\"><strong>Les enjeux de la diffusion des m\u00e9dias<\/strong><\/p>\n\n\n\n<p>Les enjeux soci\u00e9taux, \u00e9conomiques, culturels et technologiques des m\u00e9dias n\u00e9cessitent une mobilisation forte des acteurs, notamment sur :<\/p>\n\n\n\n<ul class=\"wp-block-list\">\n<li>l\u2019\u00e9laboration d\u2019un cadre et d\u2019un mod\u00e8le \u00e9conomique \u00e9quitable pour l\u2019ensemble des parties prenantes de la cha\u00eene de valeur<\/li>\n\n\n\n<li>les \u00e9volutions l\u00e9gislatives et r\u00e9glementaires indispensables au d\u00e9veloppement des services<\/li>\n\n\n\n<li>les enjeux technologiques<\/li>\n<\/ul>\n\n\n\n<p class=\"has-text-align-center has-vivid-red-color has-text-color\"><strong>Cha\u00eenes de t\u00e9l\u00e9vision, op\u00e9rateurs de t\u00e9l\u00e9phonie mobile, diffuseurs hertziens et satellites, constructeurs de terminaux, r\u00e9seaux, logiciels, cr\u00e9ateurs de contenus, instituts de mesure d\u2019audience et op\u00e9rateurs de services<\/strong>.<\/p>\n\n\n\n<p class=\"has-text-align-center has-vivid-red-color has-text-color\"> <strong>Tous investissent massivement, et travaillent dans un effort commun au d\u00e9veloppement de ce march\u00e9 en France<\/strong><\/p>\n<\/div>\n","protected":false},"excerpt":{"rendered":"<p>Catalyseur d\u2019\u00e9nergies, le Forum M\u00e9dias Mobiles f\u00e9d\u00e8re les entreprises qui pr\u00e9parent les m\u00e9dias de demain, avec l\u2019ambition de donner \u00e0<\/p>\n","protected":false},"author":2,"featured_media":0,"parent":0,"menu_order":0,"comment_status":"closed","ping_status":"closed","template":"","meta":{"colormag_page_container_layout":"no_sidebar_full_width","colormag_page_sidebar_layout":"no_sidebar","_view_id":"","footnotes":""},"class_list":["post-136","page","type-page","status-publish","hentry"],"_links":{"self":[{"href":"https:\/\/forum-medias-mobiles.fr\/index.php\/wp-json\/wp\/v2\/pages\/136","targetHints":{"allow":["GET"]}}],"collection":[{"href":"https:\/\/forum-medias-mobiles.fr\/index.php\/wp-json\/wp\/v2\/pages"}],"about":[{"href":"https:\/\/forum-medias-mobiles.fr\/index.php\/wp-json\/wp\/v2\/types\/page"}],"author":[{"embeddable":true,"href":"https:\/\/forum-medias-mobiles.fr\/index.php\/wp-json\/wp\/v2\/users\/2"}],"replies":[{"embeddable":true,"href":"https:\/\/forum-medias-mobiles.fr\/index.php\/wp-json\/wp\/v2\/comments?post=136"}],"version-history":[{"count":17,"href":"https:\/\/forum-medias-mobiles.fr\/index.php\/wp-json\/wp\/v2\/pages\/136\/revisions"}],"predecessor-version":[{"id":578,"href":"https:\/\/forum-medias-mobiles.fr\/index.php\/wp-json\/wp\/v2\/pages\/136\/revisions\/578"}],"wp:attachment":[{"href":"https:\/\/forum-medias-mobiles.fr\/index.php\/wp-json\/wp\/v2\/media?parent=136"}],"curies":[{"name":"wp","href":"https:\/\/api.w.org\/{rel}","templated":true}]}}