{"id":150,"date":"2022-12-22T10:26:38","date_gmt":"2022-12-22T09:26:38","guid":{"rendered":"https:\/\/forum-medias-mobiles.fr\/?page_id=150"},"modified":"2023-03-13T10:39:22","modified_gmt":"2023-03-13T09:39:22","slug":"nos-actions","status":"publish","type":"page","link":"https:\/\/forum-medias-mobiles.fr\/index.php\/nos-actions\/","title":{"rendered":"Nos Actions"},"content":{"rendered":"\n<p><strong>L\u2019action du Forum M\u00e9dias Mobiles s\u2019\u00e9tend \u00e0 toutes les \u00e9volutions de la mise \u00e0 disposition du public des m\u00e9dias audiovisuels<\/strong> :<\/p>\n\n\n\n<ul class=\"wp-block-list\">\n<li>Coordonner la r\u00e9flexion sur les conditions industrielles et r\u00e9glementaires d&#8217;introduction de services de m\u00e9dias mobiles associant t\u00e9l\u00e9communications, \u00e9lectronique haut d\u00e9bit (r\u00e9seau de t\u00e9l\u00e9communication mobile) et t\u00e9l\u00e9vision num\u00e9rique terrestre et par satellite.<\/li>\n<\/ul>\n\n\n\n<ul class=\"wp-block-list\">\n<li>Promouvoir les m\u00e9dias mobiles aupr\u00e8s des pouvoirs publics, en favorisant entre&nbsp; autres les conditions techniques et r\u00e9glementaires :\n<ul class=\"wp-block-list\">\n<li>Choix, sur les fr\u00e9quences, de la norme la plus adapt\u00e9e<\/li>\n\n\n\n<li>Identification du spectre n\u00e9cessaire, en prenant en compte l&#8217;ensemble des ressources en fr\u00e9quences se trouvant encore aujourd&#8217;hui disponibles<\/li>\n<\/ul>\n<\/li>\n<\/ul>\n\n\n\n<ul class=\"wp-block-list\">\n<li>Identifier et d\u00e9fendre le spectre n\u00e9cessaire, en prenant en compte l&#8217;ensemble des ressources en fr\u00e9quences se trouvant encore aujourd&#8217;hui disponibles<\/li>\n<\/ul>\n\n\n\n<ul class=\"wp-block-list\">\n<li>Favoriser et accompagner plusieurs exp\u00e9rimentations de longue dur\u00e9e et des d\u00e9monstrations de courte dur\u00e9e de m\u00e9dias mobiles dans plusieurs agglom\u00e9rations urbaines<\/li>\n<\/ul>\n\n\n\n<ul class=\"wp-block-list\">\n<li>Coordonner au plan national la r\u00e9flexion sur la finalisation et l&#8217;\u00e9volution des normes techniques aupr\u00e8s des instances de normalisations europ\u00e9ennes et mondiales. Favoriser \u00e9galement la coordination de cette Europe sur le choix des ressources en fr\u00e9quences \u00e0 affecter aux m\u00e9dias mobiles<\/li>\n<\/ul>\n\n\n\n<ul class=\"wp-block-list\">\n<li>Promouvoir la recherche et le d\u00e9veloppement de nouveaux programmes et contenus, adapt\u00e9s aux usages des m\u00e9dias mobiles<\/li>\n<\/ul>\n\n\n\n<ul class=\"wp-block-list\">\n<li>Contribuer \u00e0 la d\u00e9finition de normes privil\u00e9giant la protection des contenus diffus\u00e9s<\/li>\n<\/ul>\n\n\n\n<ul class=\"wp-block-list\">\n<li>Analyser et promouvoir les r\u00e9sultats des exp\u00e9rimentations men\u00e9es en France et \u00e0 l&#8217;\u00e9tranger (veille technologique, analyses aupr\u00e8s des march\u00e9s)<\/li>\n<\/ul>\n\n\n\n<ul class=\"wp-block-list\">\n<li>Promouvoir les m\u00e9dias mobiles aupr\u00e8s du grand public en r\u00e9alisant au besoin, dans les salons ouverts au public, des d\u00e9monstrations simples \u00e0 but didactique<\/li>\n<\/ul>\n\n\n\n<ul class=\"wp-block-list\">\n<li>Accomplir des actions collectives de sensibilisation des pouvoirs publics aux enjeux des m\u00e9dias mobiles et toutes actions permettant de d\u00e9velopper les m\u00e9dias mobiles<\/li>\n<\/ul>\n","protected":false},"excerpt":{"rendered":"<p>L\u2019action du Forum M\u00e9dias Mobiles s\u2019\u00e9tend \u00e0 toutes les \u00e9volutions de la mise \u00e0 disposition du public des m\u00e9dias audiovisuels<\/p>\n","protected":false},"author":2,"featured_media":0,"parent":0,"menu_order":0,"comment_status":"closed","ping_status":"closed","template":"","meta":{"colormag_page_container_layout":"no_sidebar_full_width","colormag_page_sidebar_layout":"no_sidebar","_view_id":"","footnotes":""},"class_list":["post-150","page","type-page","status-publish","hentry"],"_links":{"self":[{"href":"https:\/\/forum-medias-mobiles.fr\/index.php\/wp-json\/wp\/v2\/pages\/150","targetHints":{"allow":["GET"]}}],"collection":[{"href":"https:\/\/forum-medias-mobiles.fr\/index.php\/wp-json\/wp\/v2\/pages"}],"about":[{"href":"https:\/\/forum-medias-mobiles.fr\/index.php\/wp-json\/wp\/v2\/types\/page"}],"author":[{"embeddable":true,"href":"https:\/\/forum-medias-mobiles.fr\/index.php\/wp-json\/wp\/v2\/users\/2"}],"replies":[{"embeddable":true,"href":"https:\/\/forum-medias-mobiles.fr\/index.php\/wp-json\/wp\/v2\/comments?post=150"}],"version-history":[{"count":7,"href":"https:\/\/forum-medias-mobiles.fr\/index.php\/wp-json\/wp\/v2\/pages\/150\/revisions"}],"predecessor-version":[{"id":568,"href":"https:\/\/forum-medias-mobiles.fr\/index.php\/wp-json\/wp\/v2\/pages\/150\/revisions\/568"}],"wp:attachment":[{"href":"https:\/\/forum-medias-mobiles.fr\/index.php\/wp-json\/wp\/v2\/media?parent=150"}],"curies":[{"name":"wp","href":"https:\/\/api.w.org\/{rel}","templated":true}]}}