{"id":164,"date":"2022-12-22T10:38:57","date_gmt":"2022-12-22T09:38:57","guid":{"rendered":"https:\/\/forum-medias-mobiles.fr\/?page_id=164"},"modified":"2023-04-17T16:20:02","modified_gmt":"2023-04-17T14:20:02","slug":"accueil","status":"publish","type":"page","link":"https:\/\/forum-medias-mobiles.fr\/","title":{"rendered":"Accueil"},"content":{"rendered":"\n<p>Bienvenue sur le site internet du <strong>Forum M\u00e9dias Mobiles<\/strong>.<\/p>\n\n\n\n<p>Le<strong>&nbsp;Forum M\u00e9dias Mobiles<\/strong>&nbsp;(fond\u00e9 en 2005 sous l\u2019\u00e9gide du minist\u00e8re de l\u2019Industrie) r\u00e9unit aujourd\u2019hui une trentaine de soci\u00e9t\u00e9s, qui jouent un r\u00f4le d\u00e9terminant \u00e0 chaque \u00e9tape de la cha\u00eene de valeur&nbsp; :<\/p>\n\n\n\n<ul class=\"wp-block-list\">\n<li>Cha\u00eenes de t\u00e9l\u00e9vision<\/li>\n\n\n\n<li>Op\u00e9rateurs de t\u00e9l\u00e9phonie mobile<\/li>\n\n\n\n<li>Diffuseurs hertziens et satellite<\/li>\n\n\n\n<li>Constructeurs de terminaux, r\u00e9seaux, logiciels<\/li>\n\n\n\n<li>Cr\u00e9ateurs de contenus, soci\u00e9t\u00e9s d\u2019auteurs, institut de mesure d\u2019audience<\/li>\n<\/ul>\n\n\n\n<p>Avec pour principal objectif de les faire travailler ensemble sur des projets impliquant les entreprises des secteurs t\u00e9l\u00e9communication, audiovisuel au sens large.<\/p>\n\n\n\n<p>Le <strong>Forum M\u00e9dias Mobiles<\/strong> collabore en permanence avec les organismes de r\u00e9gulation (ANFR, ARCEP, ARCOM) ainsi que le minist\u00e8re de la Culture, le minist\u00e8re de l\u2019Economie et des Finances et leurs diff\u00e9rents services : DGMIC, DGE\u2026<\/p>\n\n\n\n<p>Vous trouverez sur ce site des informations concernant les actions et projets du&nbsp;<strong>Forum M\u00e9dias Mobiles<\/strong>&nbsp;et de ses soci\u00e9t\u00e9s membres, des documents permettant de mieux appr\u00e9hender les \u00e9volutions du secteur\u2026<\/p>\n","protected":false},"excerpt":{"rendered":"<p>Bienvenue sur le site internet du Forum M\u00e9dias Mobiles. Le&nbsp;Forum M\u00e9dias Mobiles&nbsp;(fond\u00e9 en 2005 sous l\u2019\u00e9gide du minist\u00e8re de l\u2019Industrie)<\/p>\n","protected":false},"author":2,"featured_media":0,"parent":0,"menu_order":0,"comment_status":"closed","ping_status":"closed","template":"","meta":{"colormag_page_container_layout":"default_layout","colormag_page_sidebar_layout":"default_layout","_view_id":"","footnotes":""},"class_list":["post-164","page","type-page","status-publish","hentry"],"_links":{"self":[{"href":"https:\/\/forum-medias-mobiles.fr\/index.php\/wp-json\/wp\/v2\/pages\/164","targetHints":{"allow":["GET"]}}],"collection":[{"href":"https:\/\/forum-medias-mobiles.fr\/index.php\/wp-json\/wp\/v2\/pages"}],"about":[{"href":"https:\/\/forum-medias-mobiles.fr\/index.php\/wp-json\/wp\/v2\/types\/page"}],"author":[{"embeddable":true,"href":"https:\/\/forum-medias-mobiles.fr\/index.php\/wp-json\/wp\/v2\/users\/2"}],"replies":[{"embeddable":true,"href":"https:\/\/forum-medias-mobiles.fr\/index.php\/wp-json\/wp\/v2\/comments?post=164"}],"version-history":[{"count":8,"href":"https:\/\/forum-medias-mobiles.fr\/index.php\/wp-json\/wp\/v2\/pages\/164\/revisions"}],"predecessor-version":[{"id":588,"href":"https:\/\/forum-medias-mobiles.fr\/index.php\/wp-json\/wp\/v2\/pages\/164\/revisions\/588"}],"wp:attachment":[{"href":"https:\/\/forum-medias-mobiles.fr\/index.php\/wp-json\/wp\/v2\/media?parent=164"}],"curies":[{"name":"wp","href":"https:\/\/api.w.org\/{rel}","templated":true}]}}